{"id":251,"date":"2014-05-07T12:58:00","date_gmt":"2014-05-07T12:58:00","guid":{"rendered":"http:\/\/www.kmsatacadista.com.br\/?page_id=251"},"modified":"2016-09-11T04:42:21","modified_gmt":"2016-09-11T04:42:21","slug":"a-empresa","status":"publish","type":"page","link":"https:\/\/www.kmsatacadista.com.br\/?page_id=251","title":{"rendered":"A Empresa"},"content":{"rendered":"<p>Constitu\u00eddo a mais de 22 anos, a empresa KMS Atacadista, atua em todo territ\u00f3rio nacional na distribui\u00e7\u00e3o e vendas no Atacado e Varejo nos setores de Materiais de Higiene e Limpeza, Descart\u00e1veis, Embalagens, Materiais de Copa e Escrit\u00f3rio. \u00a0A KMS ATACADISTA, empresa membro do &#8220;GK&#8221;, mantem seu centro de distribui\u00e7\u00e3o na cidade de Cama\u00e7ari-BA em uma \u00e1rea de 2.000m\u00b2 e unidades de varejo espalhadas em todo estado. A KMS ATACADISTA entende que excel\u00eancia em atendimento e pre\u00e7os justos s\u00e3o mais que pol\u00edticas de empresa, \u00e9 uma quest\u00e3o de respeito com os nossos clientes, por isso mantem parcerias alinhadas com as maiores ind\u00fastrias nacionais do segmento, com uma diversidade de mais de 3500 itens para garantir e atender toda a demanda institucional do estado nos segmentos de Higiene, Limpeza, Descart\u00e1veis, Copa e Escrit\u00f3rio.<\/p>\n<p>&nbsp;<\/p>\n<h3>FORMAS DE PAGAMENTO<\/h3>\n<p>Voc\u00ea pode pagar seu pedido das seguintes maneiras:<\/p>\n<p><img decoding=\"async\" src=\"https:\/\/www.kmsatacadista.com.br\/wp-content\/uploads\/2014\/05\/formas-pagamento.png\" alt=\"\" \/><\/p>\n<p><strong>Compras com cart\u00e3o de cr\u00e9dito:<\/strong><\/p>\n<p><span style=\"color: red; font-weight: bold;\">*<\/span> O pedido estar\u00e1 sujeito \u00e0 aprova\u00e7\u00e3o da administradora de cart\u00e3o de cr\u00e9dito. Para ampliar ainda mais a sua seguran\u00e7a, as informa\u00e7\u00f5es contidas em seu cadastro s\u00e3o pass\u00edveis de confirma\u00e7\u00e3o, que poder\u00e1 ser solicitada pela KMS Atacadista por e-mail. Obs.: N\u00e3o solicitamos senhas ou confirma\u00e7\u00f5es de senhas por e-mail ou telefone.<\/p>\n<p><span style=\"color: red; font-weight: bold;\">*<\/span> FRETE CIF \u2013 CAPITAL (Salvador) e cidades metropolitanas.<\/p>\n<p><span style=\"color: red; font-weight: bold;\">*<\/span> FRETE FOB \u2013 DESPACHO POR TRANSPORTADORA (Consultar disponibilidade da regi\u00e3o).<\/p>\n<p><span style=\"color: red; font-weight: bold;\">*<\/span> Pedido m\u00ednimo no valor de R$ 300,00 reais.<\/p>\n<p><span style=\"color: red; font-weight: bold;\">*<\/span>\u00a0Prazo de entrega de 24h a 72h \u00fateis. (verificar com atendente hor\u00e1rios limites para aprova\u00e7\u00e3o de pedido).<\/p>\n","protected":false},"excerpt":{"rendered":"<p>Constitu\u00eddo a mais de 22 anos, a empresa KMS Atacadista, atua em todo territ\u00f3rio nacional na distribui\u00e7\u00e3o e vendas no Atacado e Varejo nos setores de Materiais de Higiene e Limpeza, Descart\u00e1veis, Embalagens, Materiais de Copa e Escrit\u00f3rio. \u00a0A KMS<br \/><a class=\"button fl-r\" style=\"margin-bottom:10px;\" href=\"https:\/\/www.kmsatacadista.com.br\/?page_id=251\"><span>Read More<\/span><\/a><\/p>\n<div class=\"clear\"><\/div>\n","protected":false},"author":1,"featured_media":0,"parent":0,"menu_order":0,"comment_status":"open","ping_status":"open","template":"","meta":{"footnotes":""},"class_list":["post-251","page","type-page","status-publish","hentry"],"_links":{"self":[{"href":"https:\/\/www.kmsatacadista.com.br\/index.php?rest_route=\/wp\/v2\/pages\/251"}],"collection":[{"href":"https:\/\/www.kmsatacadista.com.br\/index.php?rest_route=\/wp\/v2\/pages"}],"about":[{"href":"https:\/\/www.kmsatacadista.com.br\/index.php?rest_route=\/wp\/v2\/types\/page"}],"author":[{"embeddable":true,"href":"https:\/\/www.kmsatacadista.com.br\/index.php?rest_route=\/wp\/v2\/users\/1"}],"replies":[{"embeddable":true,"href":"https:\/\/www.kmsatacadista.com.br\/index.php?rest_route=%2Fwp%2Fv2%2Fcomments&post=251"}],"version-history":[{"count":24,"href":"https:\/\/www.kmsatacadista.com.br\/index.php?rest_route=\/wp\/v2\/pages\/251\/revisions"}],"predecessor-version":[{"id":756,"href":"https:\/\/www.kmsatacadista.com.br\/index.php?rest_route=\/wp\/v2\/pages\/251\/revisions\/756"}],"wp:attachment":[{"href":"https:\/\/www.kmsatacadista.com.br\/index.php?rest_route=%2Fwp%2Fv2%2Fmedia&parent=251"}],"curies":[{"name":"wp","href":"https:\/\/api.w.org\/{rel}","templated":true}]}}